{"id":6758,"date":"2018-05-29T09:32:12","date_gmt":"2018-05-29T09:32:12","guid":{"rendered":"https:\/\/www.schneiderwiesen.it\/bozen-card-plus\/"},"modified":"2020-05-31T19:30:25","modified_gmt":"2020-05-31T19:30:25","slug":"bolzano-card-plus","status":"publish","type":"page","link":"https:\/\/schneiderwiesen.it\/it\/bolzano-card-plus\/","title":{"rendered":"Bolzano Card Plus"},"content":{"rendered":"[vc_row type=&#8221;in_container&#8221; full_screen_row_position=&#8221;middle&#8221; column_margin=&#8221;default&#8221; scene_position=&#8221;center&#8221; text_color=&#8221;dark&#8221; text_align=&#8221;left&#8221; top_padding=&#8221;7%&#8221; bottom_padding=&#8221;7%&#8221; overlay_strength=&#8221;0.3&#8243; shape_divider_position=&#8221;bottom&#8221; bg_image_animation=&#8221;none&#8221; shape_type=&#8221;&#8221;][vc_column column_padding=&#8221;no-extra-padding&#8221; column_padding_position=&#8221;all&#8221; background_color_opacity=&#8221;1&#8243; background_hover_color_opacity=&#8221;1&#8243; column_link_target=&#8221;_self&#8221; column_shadow=&#8221;none&#8221; column_border_radius=&#8221;none&#8221; width=&#8221;1\/6&#8243; tablet_width_inherit=&#8221;default&#8221; tablet_text_alignment=&#8221;default&#8221; phone_text_alignment=&#8221;default&#8221; overlay_strength=&#8221;0.3&#8243; column_border_width=&#8221;none&#8221; column_border_style=&#8221;solid&#8221; bg_image_animation=&#8221;none&#8221;][\/vc_column][vc_column column_padding=&#8221;no-extra-padding&#8221; column_padding_position=&#8221;all&#8221; background_color_opacity=&#8221;1&#8243; background_hover_color_opacity=&#8221;1&#8243; column_link_target=&#8221;_self&#8221; column_shadow=&#8221;none&#8221; column_border_radius=&#8221;none&#8221; width=&#8221;2\/3&#8243; tablet_width_inherit=&#8221;default&#8221; tablet_text_alignment=&#8221;default&#8221; phone_text_alignment=&#8221;default&#8221; overlay_strength=&#8221;0.3&#8243; column_border_width=&#8221;none&#8221; column_border_style=&#8221;solid&#8221; bg_image_animation=&#8221;none&#8221;][vc_custom_heading text=&#8221;Conoscere Bolzano, San Genesio, la Val Sarentino e tante bellezze dell\u2019Alto Adige in modo facile ed economico \u2026. Con la Bolzano Bozen Card Plus \u00e8 possibile!&#8221; font_container=&#8221;tag:h3|text_align:left&#8221; use_theme_fonts=&#8221;yes&#8221; css_animation=&#8221;fadeInUp&#8221;][vc_column_text]Con la <strong>Bolzano Bozen Card Plus<\/strong> il Suo soggiorno a Bolzano sar\u00e0 ancora pi\u00f9 ricco.La card \u00e8 il Suo personale biglietto d\u2019ingresso per tante attrazioni turistiche. Un mondo di vantaggi La aspetta per scoprire tutto l&#8217;Alto Adige con l&#8217;entusiasmo di chi desidera trascorrere una vacanza all&#8217;insegna del divertimento.Approfitti della Sua Bolzano Bozen Card per visitare i musei e per viaggiare gratuitamente su tutti i mezzi pubblici dell&#8217;Alto Adige. La card \u00e8 inclusa nel prezzo del soggiorno nelle strutture che aderiscono all&#8217;iniziativa.[\/vc_column_text][vc_video link=&#8221;https:\/\/www.youtube.com\/watch?v=w4eisG3QX4Y&#8221;][\/vc_column][vc_column column_padding=&#8221;no-extra-padding&#8221; column_padding_position=&#8221;all&#8221; background_color_opacity=&#8221;1&#8243; background_hover_color_opacity=&#8221;1&#8243; column_link_target=&#8221;_self&#8221; column_shadow=&#8221;none&#8221; column_border_radius=&#8221;none&#8221; width=&#8221;1\/6&#8243; tablet_width_inherit=&#8221;default&#8221; tablet_text_alignment=&#8221;default&#8221; phone_text_alignment=&#8221;default&#8221; overlay_strength=&#8221;0.3&#8243; column_border_width=&#8221;none&#8221; column_border_style=&#8221;solid&#8221; bg_image_animation=&#8221;none&#8221;][\/vc_column][\/vc_row][vc_row type=&#8221;full_width_background&#8221; full_screen_row_position=&#8221;middle&#8221; column_margin=&#8221;default&#8221; bg_image=&#8221;6301&#8243; bg_position=&#8221;center center&#8221; bg_repeat=&#8221;no-repeat&#8221; bg_color=&#8221;#58a53f&#8221; scene_position=&#8221;center&#8221; text_color=&#8221;light&#8221; text_align=&#8221;left&#8221; top_padding=&#8221;10%&#8221; bottom_padding=&#8221;10%&#8221; color_overlay=&#8221;rgba(255,255,255,0.97)&#8221; overlay_strength=&#8221;0.8&#8243; shape_divider_position=&#8221;bottom&#8221; bg_image_animation=&#8221;none&#8221; shape_type=&#8221;&#8221;][vc_column centered_text=&#8221;true&#8221; column_padding=&#8221;no-extra-padding&#8221; column_padding_position=&#8221;all&#8221; background_color_opacity=&#8221;1&#8243; background_hover_color_opacity=&#8221;1&#8243; column_link_target=&#8221;_self&#8221; column_shadow=&#8221;none&#8221; column_border_radius=&#8221;none&#8221; width=&#8221;1\/1&#8243; tablet_width_inherit=&#8221;default&#8221; tablet_text_alignment=&#8221;default&#8221; phone_text_alignment=&#8221;default&#8221; overlay_strength=&#8221;0.3&#8243; column_border_width=&#8221;none&#8221; column_border_style=&#8221;solid&#8221; bg_image_animation=&#8221;none&#8221;][vc_column_text css_animation=&#8221;none&#8221;]\n<h3><a href=\"https:\/\/www.bolzanodintorni.info\/media\/983c89ac-9eaf-4e1d-9c8f-5b92fa464d7d\/2020-escursioni-e-camminate-con-bolzano-card.pdf\" class=\"mtli_attachment mtli_pdf\" target=\"_blank\" rel=\"noopener noreferrer\">Brochure Bozen Card Plus<\/a><\/h3>\n[\/vc_column_text][\/vc_column][\/vc_row][vc_row type=&#8221;in_container&#8221; full_screen_row_position=&#8221;middle&#8221; column_margin=&#8221;default&#8221; scene_position=&#8221;center&#8221; text_color=&#8221;dark&#8221; text_align=&#8221;left&#8221; top_padding=&#8221;7%&#8221; bottom_padding=&#8221;7%&#8221; overlay_strength=&#8221;0.3&#8243; shape_divider_position=&#8221;bottom&#8221; bg_image_animation=&#8221;none&#8221; shape_type=&#8221;&#8221;][vc_column column_padding=&#8221;no-extra-padding&#8221; column_padding_position=&#8221;all&#8221; background_color_opacity=&#8221;1&#8243; background_hover_color_opacity=&#8221;1&#8243; column_link_target=&#8221;_self&#8221; column_shadow=&#8221;none&#8221; column_border_radius=&#8221;none&#8221; width=&#8221;1\/6&#8243; tablet_width_inherit=&#8221;default&#8221; tablet_text_alignment=&#8221;default&#8221; phone_text_alignment=&#8221;default&#8221; overlay_strength=&#8221;0.3&#8243; column_border_width=&#8221;none&#8221; column_border_style=&#8221;solid&#8221; bg_image_animation=&#8221;none&#8221;][\/vc_column][vc_column column_padding=&#8221;no-extra-padding&#8221; column_padding_position=&#8221;all&#8221; background_color_opacity=&#8221;1&#8243; background_hover_color_opacity=&#8221;1&#8243; column_link_target=&#8221;_self&#8221; column_shadow=&#8221;none&#8221; column_border_radius=&#8221;none&#8221; width=&#8221;2\/3&#8243; tablet_width_inherit=&#8221;default&#8221; tablet_text_alignment=&#8221;default&#8221; phone_text_alignment=&#8221;default&#8221; overlay_strength=&#8221;0.3&#8243; column_border_width=&#8221;none&#8221; column_border_style=&#8221;solid&#8221; bg_image_animation=&#8221;none&#8221;][vc_custom_heading text=&#8221;BZ Card Plus: le prestazioni&#8221; font_container=&#8221;tag:h3|text_align:left&#8221; use_theme_fonts=&#8221;yes&#8221; css_animation=&#8221;fadeInUp&#8221;][vc_column_text]\n<p class=\"evidenziato\">Con la Bolzano Bozen Card Plus si ha diritto a una serie di servizi e di vantaggi per visitare Bolzano e i dintorni. Ecco tutte le prestazioni<\/p>\n<p>\u2022 <strong>Mobilit\u00e0<\/strong>: utilizzo gratuito di tutti i mezzi pubblici dell\u2019Alto Adige: treni regionali fino a Trento, autobus di linea urbani e extraurbani, le funivie Renon, Colle, San Genesio, Maranza, Meltina e Verano, il trenino del Renon e la funicolare della Mendola, autobus sull\u2018altopiano del Salto, un viaggio di andata e ritorno tra Malles e M\u00fcstair con il PostAuto Schweiz<\/p>\n<p>\u2022 <strong>Musei<\/strong>: un ingresso gratuito ai seguenti musei di Bolzano e ad altri 80 musei dell\u2019Alto Adige: Museo Archeologico dell\u2019Alto Adige, Museo di Scienze Naturali dell\u2019Alto Adige, Museion &#8211; museo d\u2019arte moderna e contemporanea, Museo Civico, Museo Mercantile, Museo dei Presepi, Tesoro del Duomo, Castel Roncolo, MMM Messner Mountain Museum Firmian<\/p>\n<p>\u2022 <strong>Visita guidata del centro storico di Bolzano<\/strong>: partecipazione a una visita guidata della citt\u00e0 dal programma settimanale dell\u2019Azienda di Soggiorno e Turismo di Bolzano<\/p>\n<p>\u2022 <strong>Escursione guidata<\/strong>: partecipazione a un\u2019escursione guidata nei Parchi Naturali dell\u2019Alto Adige organizzata dall\u2019Azienda di Soggiorno e Turismo di Bolzano; prenotazione T +39 0471 307000<\/p>\n<p>\u2022 <strong>Gita culturale<\/strong>: partecipazione a una gita culturale organizzata dall\u2019Azienda di Soggiorno e Turismo di Bolzano; prenotazione: tel +39 0471 307000<\/p>\n<p>\u2022 <strong>Cantina Arunda<\/strong>: ogni gioved\u00ec alle ore 11 visita guidata alla Cantina Arunda di Meltina che produce spumanti di qualit\u00e0; prenotazione tel. +39 0471 668033<\/p>\n<p>\u2022 <strong>Cantina Loacker<\/strong>: ogni gioved\u00ec alle ore 15 visita guidata nelle vigne e alla cantina Loacker Schwarhof con degustazione; prenotazione entro le ore 15 di mercoled\u00ec; tel. +39 0471 365125<\/p>\n<p>\u2022 <strong>Piscina di San Genesio:<\/strong> entrata libera da giugno a fine agosto[\/vc_column_text][\/vc_column][vc_column column_padding=&#8221;no-extra-padding&#8221; column_padding_position=&#8221;all&#8221; background_color_opacity=&#8221;1&#8243; background_hover_color_opacity=&#8221;1&#8243; column_link_target=&#8221;_self&#8221; column_shadow=&#8221;none&#8221; column_border_radius=&#8221;none&#8221; width=&#8221;1\/6&#8243; tablet_width_inherit=&#8221;default&#8221; tablet_text_alignment=&#8221;default&#8221; phone_text_alignment=&#8221;default&#8221; overlay_strength=&#8221;0.3&#8243; column_border_width=&#8221;none&#8221; column_border_style=&#8221;solid&#8221; bg_image_animation=&#8221;none&#8221;][\/vc_column][\/vc_row][vc_row type=&#8221;in_container&#8221; full_screen_row_position=&#8221;middle&#8221; column_margin=&#8221;default&#8221; scene_position=&#8221;center&#8221; text_color=&#8221;dark&#8221; text_align=&#8221;left&#8221; top_padding=&#8221;7%&#8221; bottom_padding=&#8221;7%&#8221; overlay_strength=&#8221;0.3&#8243; shape_divider_position=&#8221;bottom&#8221; bg_image_animation=&#8221;none&#8221; shape_type=&#8221;&#8221;][vc_column column_padding=&#8221;no-extra-padding&#8221; column_padding_position=&#8221;all&#8221; background_color_opacity=&#8221;1&#8243; background_hover_color_opacity=&#8221;1&#8243; column_link_target=&#8221;_self&#8221; column_shadow=&#8221;none&#8221; column_border_radius=&#8221;none&#8221; width=&#8221;1\/6&#8243; tablet_width_inherit=&#8221;default&#8221; tablet_text_alignment=&#8221;default&#8221; phone_text_alignment=&#8221;default&#8221; overlay_strength=&#8221;0.3&#8243; column_border_width=&#8221;none&#8221; column_border_style=&#8221;solid&#8221; bg_image_animation=&#8221;none&#8221;][\/vc_column][vc_column column_padding=&#8221;no-extra-padding&#8221; column_padding_position=&#8221;all&#8221; background_color_opacity=&#8221;1&#8243; background_hover_color_opacity=&#8221;1&#8243; column_link_target=&#8221;_self&#8221; column_shadow=&#8221;none&#8221; column_border_radius=&#8221;none&#8221; width=&#8221;2\/3&#8243; tablet_width_inherit=&#8221;default&#8221; tablet_text_alignment=&#8221;default&#8221; phone_text_alignment=&#8221;default&#8221; overlay_strength=&#8221;0.3&#8243; column_border_width=&#8221;none&#8221; column_border_style=&#8221;solid&#8221; bg_image_animation=&#8221;none&#8221;][vc_custom_heading text=&#8221;BZ Card Plus: come usare la card&#8221; font_container=&#8221;tag:h3|text_align:left&#8221; use_theme_fonts=&#8221;yes&#8221; css_animation=&#8221;fadeInUp&#8221;][vc_column_text]\n<p class=\"evidenziato\">Come usare la Bolzano Card Plus?\u00a0La card \u00e8 in distribuzione gratuita solo presso gli esercizi aderenti e ha una validit\u00e0 di 7 giorni consecutivi dal primo utilizzo.<\/p>\n<p>\u2022 La carta va convalidata ad ogni utilizzo di un mezzo di trasporto pubblico.<br \/>\n\u2022 Nei musei la convalida viene effettuata tramite i lettori all\u2019ingresso.<br \/>\n\u2022 Per la visita ed escursione guidata e la gita culturale a Bolzano la card va convalidata presso l\u2019Ufficio Informazioni in Via Alto Adige 60.<br \/>\n\u2022 Per gli altri servizi la convalida viene effettuata tramite i lettori o \u00e8 sufficiente mostrare la card.[\/vc_column_text][\/vc_column][vc_column column_padding=&#8221;no-extra-padding&#8221; column_padding_position=&#8221;all&#8221; background_color_opacity=&#8221;1&#8243; background_hover_color_opacity=&#8221;1&#8243; column_link_target=&#8221;_self&#8221; column_shadow=&#8221;none&#8221; column_border_radius=&#8221;none&#8221; width=&#8221;1\/6&#8243; tablet_width_inherit=&#8221;default&#8221; tablet_text_alignment=&#8221;default&#8221; phone_text_alignment=&#8221;default&#8221; overlay_strength=&#8221;0.3&#8243; column_border_width=&#8221;none&#8221; column_border_style=&#8221;solid&#8221; bg_image_animation=&#8221;none&#8221;][\/vc_column][\/vc_row]\n","protected":false},"excerpt":{"rendered":"<p>[vc_row type=&#8221;in_container&#8221; full_screen_row_position=&#8221;middle&#8221; column_margin=&#8221;default&#8221; scene_position=&#8221;center&#8221; text_color=&#8221;dark&#8221; text_align=&#8221;left&#8221; top_padding=&#8221;7%&#8221; bottom_padding=&#8221;7%&#8221; overlay_strength=&#8221;0.3&#8243; shape_divider_position=&#8221;bottom&#8221; bg_image_animation=&#8221;none&#8221; shape_type=&#8221;&#8221;][vc_column column_padding=&#8221;no-extra-padding&#8221; column_padding_position=&#8221;all&#8221;&#8230;<\/p>\n","protected":false},"author":1,"featured_media":0,"parent":0,"menu_order":0,"comment_status":"closed","ping_status":"closed","template":"","meta":{"footnotes":""},"class_list":["post-6758","page","type-page","status-publish"],"_links":{"self":[{"href":"https:\/\/schneiderwiesen.it\/it\/wp-json\/wp\/v2\/pages\/6758","targetHints":{"allow":["GET"]}}],"collection":[{"href":"https:\/\/schneiderwiesen.it\/it\/wp-json\/wp\/v2\/pages"}],"about":[{"href":"https:\/\/schneiderwiesen.it\/it\/wp-json\/wp\/v2\/types\/page"}],"author":[{"embeddable":true,"href":"https:\/\/schneiderwiesen.it\/it\/wp-json\/wp\/v2\/users\/1"}],"replies":[{"embeddable":true,"href":"https:\/\/schneiderwiesen.it\/it\/wp-json\/wp\/v2\/comments?post=6758"}],"version-history":[{"count":4,"href":"https:\/\/schneiderwiesen.it\/it\/wp-json\/wp\/v2\/pages\/6758\/revisions"}],"predecessor-version":[{"id":7211,"href":"https:\/\/schneiderwiesen.it\/it\/wp-json\/wp\/v2\/pages\/6758\/revisions\/7211"}],"wp:attachment":[{"href":"https:\/\/schneiderwiesen.it\/it\/wp-json\/wp\/v2\/media?parent=6758"}],"curies":[{"name":"wp","href":"https:\/\/api.w.org\/{rel}","templated":true}]}}